{"id":936,"date":"2021-09-06T10:28:59","date_gmt":"2021-09-06T08:28:59","guid":{"rendered":"https:\/\/louisdemontignacq.com\/?page_id=936"},"modified":"2024-10-16T14:12:18","modified_gmt":"2024-10-16T12:12:18","slug":"new-arrivals","status":"publish","type":"page","link":"https:\/\/louisdemontignacq.com\/fr\/new-arrivals\/","title":{"rendered":"Nouveaut\u00e9s"},"content":{"rendered":"<p><div class=\"fusion-fullwidth fullwidth-box fusion-builder-row-1 fusion-flex-container has-pattern-background has-mask-background fusion-parallax-none hundred-percent-fullwidth non-hundred-percent-height-scrolling lazyload fusion-animated\" style=\"--awb-border-radius-top-left:0px;--awb-border-radius-top-right:0px;--awb-border-radius-bottom-right:0px;--awb-border-radius-bottom-left:0px;--awb-margin-top:0px;--awb-margin-bottom:60px;--awb-background-size:100%;--awb-flex-wrap:wrap;\" data-bg=\"https:\/\/louisdemontignacq.com\/wp-content\/uploads\/2024\/10\/bandeau-nouveautes.jpg\" data-animationtype=\"fadeInDown\" data-animationduration=\"2.0\" data-animationoffset=\"top-into-view\" ><div class=\"fusion-builder-row fusion-row fusion-flex-align-items-flex-start fusion-flex-justify-content-center fusion-flex-content-wrap\" style=\"width:104% !important;max-width:104% !important;margin-left: calc(-4% \/ 2 );margin-right: calc(-4% \/ 2 );\"><div class=\"fusion-layout-column fusion_builder_column fusion-builder-column-0 fusion_builder_column_1_1 1_1 fusion-flex-column\" style=\"--awb-padding-top:70px;--awb-padding-bottom:70px;--awb-bg-size:cover;--awb-width-large:100%;--awb-margin-top-large:0px;--awb-spacing-right-large:1.92%;--awb-margin-bottom-large:0px;--awb-spacing-left-large:1.92%;--awb-width-medium:100%;--awb-order-medium:0;--awb-spacing-right-medium:1.92%;--awb-spacing-left-medium:1.92%;--awb-width-small:100%;--awb-order-small:0;--awb-spacing-right-small:1.92%;--awb-spacing-left-small:1.92%;\"><div class=\"fusion-column-wrapper fusion-column-has-shadow fusion-flex-justify-content-flex-start fusion-content-layout-column\"><div class=\"fusion-title title fusion-title-1 fusion-sep-none fusion-title-center fusion-title-text fusion-title-size-one\" style=\"--awb-text-color:#ffffff;--awb-font-size:66px;\"><h1 class=\"fusion-title-heading title-heading-center\" style=\"margin:0;font-size:1em;\">Nouveaut\u00e9s<\/h1><\/div><\/div><\/div><\/div><\/div><div class=\"fusion-fullwidth fullwidth-box fusion-builder-row-2 fusion-flex-container nonhundred-percent-fullwidth non-hundred-percent-height-scrolling\" style=\"--awb-border-radius-top-left:0px;--awb-border-radius-top-right:0px;--awb-border-radius-bottom-right:0px;--awb-border-radius-bottom-left:0px;--awb-flex-wrap:wrap;\" ><div class=\"fusion-builder-row fusion-row fusion-flex-align-items-flex-start fusion-flex-content-wrap\" style=\"max-width:1248px;margin-left: calc(-4% \/ 2 );margin-right: calc(-4% \/ 2 );\"><div class=\"fusion-layout-column fusion_builder_column fusion-builder-column-1 fusion_builder_column_1_1 1_1 fusion-flex-column\" style=\"--awb-bg-size:cover;--awb-width-large:100%;--awb-margin-top-large:0px;--awb-spacing-right-large:1.92%;--awb-margin-bottom-large:20px;--awb-spacing-left-large:1.92%;--awb-width-medium:100%;--awb-order-medium:0;--awb-spacing-right-medium:1.92%;--awb-spacing-left-medium:1.92%;--awb-width-small:100%;--awb-order-small:0;--awb-spacing-right-small:1.92%;--awb-spacing-left-small:1.92%;\"><div class=\"fusion-column-wrapper fusion-column-has-shadow fusion-flex-justify-content-flex-start fusion-content-layout-column\"><div class=\"fusion-woo-product-grid fusion-product-archive fusion-woo-product-grid-1\"><ul class=\"products products-4\"><li class=\"product type-product post-2903 status-publish first instock product_cat-nouveautes product_cat-dessins has-post-thumbnail shipping-taxable purchasable product-type-simple product-grid-view\">\n\t<div class=\"fusion-product-wrapper\">\n<div class=\"fusion-clean-product-image-wrapper\">\n\t<div  class=\"fusion-image-wrapper fusion-image-size-fixed\" aria-haspopup=\"true\">\n\t\t\t\t\t\t\t<a href=\"https:\/\/louisdemontignacq.com\/fr\/produit\/georges-billaudot-paris-1868-1951-in-the-garden-pair-of-oils-on-panel\/\" aria-label=\"Georges BILLAUDOT (Paris, 1868-1951) In the garden; Pair of oils on panel\">\n\t\t\t\t\t\t\t<img decoding=\"async\" width=\"500\" height=\"375\" src=\"data:image\/svg+xml,%3Csvg%20xmlns%3D%27http%3A%2F%2Fwww.w3.org%2F2000%2Fsvg%27%20width%3D%271601%27%20height%3D%272560%27%20viewBox%3D%270%200%201601%202560%27%3E%3Crect%20width%3D%271601%27%20height%3D%272560%27%20fill-opacity%3D%220%22%2F%3E%3C%2Fsvg%3E\" class=\"attachment-woocommerce_thumbnail size-woocommerce_thumbnail lazyload wp-post-image\" alt=\"\" data-orig-src=\"https:\/\/louisdemontignacq.com\/wp-content\/uploads\/2025\/01\/DSC_3107-500x375.jpg\" \/><div class=\"cart-loading\"><i class=\"awb-icon-spinner\" aria-hidden=\"true\"><\/i><\/div>\t\t\t<\/a>\n\t\t\t\t\t\t\t<\/div>\n<\/div>\n<div class=\"fusion-product-content\">\n\t<div class=\"product-details\">\n\t\t<div class=\"product-details-container\">\n<h3 class=\"product-title\">\n\t<a href=\"https:\/\/louisdemontignacq.com\/fr\/produit\/georges-billaudot-paris-1868-1951-in-the-garden-pair-of-oils-on-panel\/\">\n\t\tGeorges BILLAUDOT (Paris, 1868-1951) In the garden; Pair of oils on panel\t<\/a>\n<\/h3>\n<div class=\"fusion-price-rating\">\n\n\t<span class=\"price\"><span class=\"woocommerce-Price-amount amount\"><bdi>4.750,00<span class=\"woocommerce-Price-currencySymbol\">&euro;<\/span><\/bdi><\/span><\/span>\n\t\t<\/div>\n\t<\/div>\n<\/div>\n\n\t<\/div> \n\n\n<\/div>\n<span class=\"acoplw-badge acoplw-textBlock acoplw-elemBlock\"><span class=\"acoplw-badge-icon acoplw-bsone acoplwLeftAlign acoplwPosTop acoplw-custom-badge-2467\" style=\"opacity:1;width:60px;font-size:11px;line-height:px;font-weight: 400;height:30px;transform:rotateX(0deg) rotateY(0deg) rotateZ(0deg);border-radius: 3px 3px 3px 3px;top:8px;bottom:auto;left:30px;background:rgba(0, 0, 0, 1);width:auto\"><span class=\"acoplw-blockText\" style=\"color:rgba(255, 255, 255, 1);\">Nouveau<\/span><\/span><\/span><\/li>\n<li class=\"product type-product post-3158 status-publish instock product_cat-nouveautes product_cat-objet-dart product_tag-herend product_tag-porcelain has-post-thumbnail shipping-taxable purchasable product-type-simple product-grid-view\">\n\t<div class=\"fusion-product-wrapper\">\n<div class=\"fusion-clean-product-image-wrapper\">\n\t<div  class=\"fusion-image-wrapper fusion-image-size-fixed\" aria-haspopup=\"true\">\n\t\t\t\t\t\t\t<a href=\"https:\/\/louisdemontignacq.com\/fr\/produit\/herend\/\" aria-label=\"Service \u00e0 th\u00e9 Herend 8 pi\u00e8ces, num\u00e9rot\u00e9, peint \u00e0 la main, excellent \u00e9tat\">\n\t\t\t\t\t\t\t<img decoding=\"async\" width=\"500\" height=\"375\" src=\"https:\/\/louisdemontignacq.com\/wp-content\/uploads\/2026\/02\/IMG_1194-500x375.jpeg\" class=\"attachment-woocommerce_thumbnail size-woocommerce_thumbnail lazyload wp-post-image\" alt=\"\" srcset=\"data:image\/svg+xml,%3Csvg%20xmlns%3D%27http%3A%2F%2Fwww.w3.org%2F2000%2Fsvg%27%20width%3D%272048%27%20height%3D%271536%27%20viewBox%3D%270%200%202048%201536%27%3E%3Crect%20width%3D%272048%27%20height%3D%271536%27%20fill-opacity%3D%220%22%2F%3E%3C%2Fsvg%3E\" data-orig-src=\"https:\/\/louisdemontignacq.com\/wp-content\/uploads\/2026\/02\/IMG_1194-500x375.jpeg\" data-srcset=\"https:\/\/louisdemontignacq.com\/wp-content\/uploads\/2026\/02\/IMG_1194-16x12.jpeg 16w, https:\/\/louisdemontignacq.com\/wp-content\/uploads\/2026\/02\/IMG_1194-200x150.jpeg 200w, https:\/\/louisdemontignacq.com\/wp-content\/uploads\/2026\/02\/IMG_1194-300x225.jpeg 300w, https:\/\/louisdemontignacq.com\/wp-content\/uploads\/2026\/02\/IMG_1194-400x300.jpeg 400w, https:\/\/louisdemontignacq.com\/wp-content\/uploads\/2026\/02\/IMG_1194-500x375.jpeg 500w, https:\/\/louisdemontignacq.com\/wp-content\/uploads\/2026\/02\/IMG_1194-600x450.jpeg 600w, https:\/\/louisdemontignacq.com\/wp-content\/uploads\/2026\/02\/IMG_1194-700x525.jpeg 700w, https:\/\/louisdemontignacq.com\/wp-content\/uploads\/2026\/02\/IMG_1194-768x576.jpeg 768w, https:\/\/louisdemontignacq.com\/wp-content\/uploads\/2026\/02\/IMG_1194-800x600.jpeg 800w, https:\/\/louisdemontignacq.com\/wp-content\/uploads\/2026\/02\/IMG_1194-1024x768.jpeg 1024w, https:\/\/louisdemontignacq.com\/wp-content\/uploads\/2026\/02\/IMG_1194-1200x900.jpeg 1200w, https:\/\/louisdemontignacq.com\/wp-content\/uploads\/2026\/02\/IMG_1194-1536x1152.jpeg 1536w\" data-sizes=\"auto\" \/><div class=\"cart-loading\"><i class=\"awb-icon-spinner\" aria-hidden=\"true\"><\/i><\/div>\t\t\t<\/a>\n\t\t\t\t\t\t\t<\/div>\n<\/div>\n<div class=\"fusion-product-content\">\n\t<div class=\"product-details\">\n\t\t<div class=\"product-details-container\">\n<h3 class=\"product-title\">\n\t<a href=\"https:\/\/louisdemontignacq.com\/fr\/produit\/herend\/\">\n\t\tService \u00e0 th\u00e9 Herend 8 pi\u00e8ces, num\u00e9rot\u00e9, peint \u00e0 la main, excellent \u00e9tat\t<\/a>\n<\/h3>\n<div class=\"fusion-price-rating\">\n\n\t<span class=\"price\"><span class=\"woocommerce-Price-amount amount\"><bdi>1.398,00<span class=\"woocommerce-Price-currencySymbol\">&euro;<\/span><\/bdi><\/span><\/span>\n\t\t<\/div>\n\t<\/div>\n<\/div>\n\n\t<\/div> \n\n\n<\/div>\n<span class=\"acoplw-badge acoplw-textBlock acoplw-elemBlock\"><span class=\"acoplw-badge-icon acoplw-bsone acoplwLeftAlign acoplwPosTop acoplw-custom-badge-2467\" style=\"opacity:1;width:60px;font-size:11px;line-height:px;font-weight: 400;height:30px;transform:rotateX(0deg) rotateY(0deg) rotateZ(0deg);border-radius: 3px 3px 3px 3px;top:8px;bottom:auto;left:30px;background:rgba(0, 0, 0, 1);width:auto\"><span class=\"acoplw-blockText\" style=\"color:rgba(255, 255, 255, 1);\">Nouveau<\/span><\/span><\/span><\/li>\n<li class=\"product type-product post-2898 status-publish instock product_cat-mobilier product_cat-nouveautes has-post-thumbnail shipping-taxable purchasable product-type-simple product-grid-view\">\n\t<div class=\"fusion-product-wrapper\">\n<div class=\"fusion-clean-product-image-wrapper\">\n\t<div  class=\"fusion-image-wrapper fusion-image-size-fixed\" aria-haspopup=\"true\">\n\t\t\t\t\t\t\t<a href=\"https:\/\/louisdemontignacq.com\/fr\/produit\/schlichtig\/\" aria-label=\"Secretary with flap in rosewood and palisander, stamp of Jean-Georges Schlichtig, Louis XV period (18th century)\">\n\t\t\t\t\t\t\t<img decoding=\"async\" width=\"396\" height=\"375\" src=\"data:image\/svg+xml,%3Csvg%20xmlns%3D%27http%3A%2F%2Fwww.w3.org%2F2000%2Fsvg%27%20width%3D%27396%27%20height%3D%27617%27%20viewBox%3D%270%200%20396%20617%27%3E%3Crect%20width%3D%27396%27%20height%3D%27617%27%20fill-opacity%3D%220%22%2F%3E%3C%2Fsvg%3E\" class=\"attachment-woocommerce_thumbnail size-woocommerce_thumbnail lazyload wp-post-image\" alt=\"\" data-orig-src=\"https:\/\/louisdemontignacq.com\/wp-content\/uploads\/2025\/01\/Capture-decran-2-396x375.png\" \/><div class=\"cart-loading\"><i class=\"awb-icon-spinner\" aria-hidden=\"true\"><\/i><\/div>\t\t\t<\/a>\n\t\t\t\t\t\t\t<\/div>\n<\/div>\n<div class=\"fusion-product-content\">\n\t<div class=\"product-details\">\n\t\t<div class=\"product-details-container\">\n<h3 class=\"product-title\">\n\t<a href=\"https:\/\/louisdemontignacq.com\/fr\/produit\/schlichtig\/\">\n\t\tSecretary with flap in rosewood and palisander, stamp of Jean-Georges Schlichtig, Louis XV period (18th century)\t<\/a>\n<\/h3>\n<div class=\"fusion-price-rating\">\n\n\t<span class=\"price\"><span class=\"woocommerce-Price-amount amount\"><bdi>3.850,00<span class=\"woocommerce-Price-currencySymbol\">&euro;<\/span><\/bdi><\/span><\/span>\n\t\t<\/div>\n\t<\/div>\n<\/div>\n\n\t<\/div> \n\n\n<\/div>\n<span class=\"acoplw-badge acoplw-textBlock acoplw-elemBlock\"><span class=\"acoplw-badge-icon acoplw-bsone acoplwLeftAlign acoplwPosTop acoplw-custom-badge-2467\" style=\"opacity:1;width:60px;font-size:11px;line-height:px;font-weight: 400;height:30px;transform:rotateX(0deg) rotateY(0deg) rotateZ(0deg);border-radius: 3px 3px 3px 3px;top:8px;bottom:auto;left:30px;background:rgba(0, 0, 0, 1);width:auto\"><span class=\"acoplw-blockText\" style=\"color:rgba(255, 255, 255, 1);\">Nouveau<\/span><\/span><\/span><\/li>\n<li class=\"product type-product post-2894 status-publish last onbackorder product_cat-mobilier product_cat-nouveautes has-post-thumbnail shipping-taxable purchasable product-type-simple product-grid-view\">\n\t<div class=\"fusion-product-wrapper\">\n<div class=\"fusion-clean-product-image-wrapper\">\n\t<div  class=\"fusion-image-wrapper fusion-image-size-fixed\" aria-haspopup=\"true\">\n\t\t\t\t\t\t\t<a href=\"https:\/\/louisdemontignacq.com\/fr\/produit\/topino\/\" aria-label=\"Small oval marquetry table, attributed to Charles Topino, 2nd half of the 18th century\">\n\t\t\t\t\t\t\t<img decoding=\"async\" width=\"434\" height=\"375\" src=\"data:image\/svg+xml,%3Csvg%20xmlns%3D%27http%3A%2F%2Fwww.w3.org%2F2000%2Fsvg%27%20width%3D%27434%27%20height%3D%27670%27%20viewBox%3D%270%200%20434%20670%27%3E%3Crect%20width%3D%27434%27%20height%3D%27670%27%20fill-opacity%3D%220%22%2F%3E%3C%2Fsvg%3E\" class=\"attachment-woocommerce_thumbnail size-woocommerce_thumbnail lazyload wp-post-image\" alt=\"\" data-orig-src=\"https:\/\/louisdemontignacq.com\/wp-content\/uploads\/2025\/01\/Screenshot_20241224_105216-434x375.png\" \/><div class=\"cart-loading\"><i class=\"awb-icon-spinner\" aria-hidden=\"true\"><\/i><\/div>\t\t\t<\/a>\n\t\t\t\t\t\t\t<\/div>\n<\/div>\n<div class=\"fusion-product-content\">\n\t<div class=\"product-details\">\n\t\t<div class=\"product-details-container\">\n<h3 class=\"product-title\">\n\t<a href=\"https:\/\/louisdemontignacq.com\/fr\/produit\/topino\/\">\n\t\tSmall oval marquetry table, attributed to Charles Topino, 2nd half of the 18th century\t<\/a>\n<\/h3>\n<div class=\"fusion-price-rating\">\n\n\t<span class=\"price\"><span class=\"woocommerce-Price-amount amount\"><bdi>4.850,00<span class=\"woocommerce-Price-currencySymbol\">&euro;<\/span><\/bdi><\/span><\/span>\n\t\t<\/div>\n\t<\/div>\n<\/div>\n\n\t<\/div> \n\n\n<\/div>\n<span class=\"acoplw-badge acoplw-textBlock acoplw-elemBlock\"><span class=\"acoplw-badge-icon acoplw-bsone acoplwLeftAlign acoplwPosTop acoplw-custom-badge-2467\" style=\"opacity:1;width:60px;font-size:11px;line-height:px;font-weight: 400;height:30px;transform:rotateX(0deg) rotateY(0deg) rotateZ(0deg);border-radius: 3px 3px 3px 3px;top:8px;bottom:auto;left:30px;background:rgba(0, 0, 0, 1);width:auto\"><span class=\"acoplw-blockText\" style=\"color:rgba(255, 255, 255, 1);\">Nouveau<\/span><\/span><\/span><\/li>\n<\/ul><div class=\"fusion-woo-product-grid-pagination fusion-clearfix\"><\/div><\/div><\/div><\/div><\/div><\/div><\/p>","protected":false},"excerpt":{"rendered":"","protected":false},"author":1,"featured_media":0,"parent":0,"menu_order":0,"comment_status":"closed","ping_status":"closed","template":"100-width.php","meta":{"footnotes":""},"class_list":["post-936","page","type-page","status-publish","hentry"],"_links":{"self":[{"href":"https:\/\/louisdemontignacq.com\/fr\/wp-json\/wp\/v2\/pages\/936","targetHints":{"allow":["GET"]}}],"collection":[{"href":"https:\/\/louisdemontignacq.com\/fr\/wp-json\/wp\/v2\/pages"}],"about":[{"href":"https:\/\/louisdemontignacq.com\/fr\/wp-json\/wp\/v2\/types\/page"}],"author":[{"embeddable":true,"href":"https:\/\/louisdemontignacq.com\/fr\/wp-json\/wp\/v2\/users\/1"}],"replies":[{"embeddable":true,"href":"https:\/\/louisdemontignacq.com\/fr\/wp-json\/wp\/v2\/comments?post=936"}],"version-history":[{"count":12,"href":"https:\/\/louisdemontignacq.com\/fr\/wp-json\/wp\/v2\/pages\/936\/revisions"}],"predecessor-version":[{"id":2683,"href":"https:\/\/louisdemontignacq.com\/fr\/wp-json\/wp\/v2\/pages\/936\/revisions\/2683"}],"wp:attachment":[{"href":"https:\/\/louisdemontignacq.com\/fr\/wp-json\/wp\/v2\/media?parent=936"}],"curies":[{"name":"wp","href":"https:\/\/api.w.org\/{rel}","templated":true}]}}