{"id":2389,"date":"2024-08-22T18:06:16","date_gmt":"2024-08-22T16:06:16","guid":{"rendered":"https:\/\/louisdemontignacq.com\/?post_type=product&#038;p=2389"},"modified":"2025-02-07T18:10:48","modified_gmt":"2025-02-07T17:10:48","slug":"still-life-with-a-pearl-necklace","status":"publish","type":"product","link":"https:\/\/louisdemontignacq.com\/fr\/produit\/still-life-with-a-pearl-necklace\/","title":{"rendered":"Nature morte au collier de perles"},"content":{"rendered":"<p>Gustave DURAND (1863 - 1938), Nature morte au collier de perles, fin XIXe - d\u00e9buts XXe s., huile sur toile, sign\u00e9e en haut \u00e0 droite, 60 x 73 cm<\/p>\n<p>Bon \u00e9tat g\u00e9n\u00e9ral de la toile<br \/>\nAvec cadre en bois sculpt\u00e9 et dor\u00e9 (en l'\u00e9tat ; plusieurs restaurations )<br \/>\nDimensions avec cadre 89 x 103 x 9 cm<br \/>\nPoids tableau avec cadre 10,7 kg (hors emballage)<\/p>","protected":false},"excerpt":{"rendered":"<p>Gustave DURAND (1863 &#8211; 1938), Still life with a pearl [&hellip;]<\/p>\n","protected":false},"featured_media":2465,"template":"","meta":[],"product_brand":[],"product_cat":[41],"product_tag":[],"class_list":{"0":"post-2389","1":"product","2":"type-product","3":"status-publish","4":"has-post-thumbnail","6":"product_cat-dessins","8":"first","9":"instock","10":"sold-individually","11":"shipping-taxable","12":"purchasable","13":"product-type-simple"},"_links":{"self":[{"href":"https:\/\/louisdemontignacq.com\/fr\/wp-json\/wp\/v2\/product\/2389","targetHints":{"allow":["GET"]}}],"collection":[{"href":"https:\/\/louisdemontignacq.com\/fr\/wp-json\/wp\/v2\/product"}],"about":[{"href":"https:\/\/louisdemontignacq.com\/fr\/wp-json\/wp\/v2\/types\/product"}],"wp:featuredmedia":[{"embeddable":true,"href":"https:\/\/louisdemontignacq.com\/fr\/wp-json\/wp\/v2\/media\/2465"}],"wp:attachment":[{"href":"https:\/\/louisdemontignacq.com\/fr\/wp-json\/wp\/v2\/media?parent=2389"}],"wp:term":[{"taxonomy":"product_brand","embeddable":true,"href":"https:\/\/louisdemontignacq.com\/fr\/wp-json\/wp\/v2\/product_brand?post=2389"},{"taxonomy":"product_cat","embeddable":true,"href":"https:\/\/louisdemontignacq.com\/fr\/wp-json\/wp\/v2\/product_cat?post=2389"},{"taxonomy":"product_tag","embeddable":true,"href":"https:\/\/louisdemontignacq.com\/fr\/wp-json\/wp\/v2\/product_tag?post=2389"}],"curies":[{"name":"wp","href":"https:\/\/api.w.org\/{rel}","templated":true}]}}