{"id":2470,"date":"2024-08-26T16:07:41","date_gmt":"2024-08-26T14:07:41","guid":{"rendered":"https:\/\/louisdemontignacq.com\/?post_type=product&#038;p=2470"},"modified":"2024-10-29T13:58:22","modified_gmt":"2024-10-29T12:58:22","slug":"contemporary-painting","status":"publish","type":"product","link":"https:\/\/louisdemontignacq.com\/fr\/produit\/contemporary-painting\/","title":{"rendered":"Tableau contemporain"},"content":{"rendered":"<p>Charles GIAI-GISCHIA (n\u00e9 en 1956), \u00a0Vols aim\u00e9s, Araponga, huile sur toile, sign\u00e9e, titr\u00e9e et dat\u00e9e 1984 en bas, \u00a0146 x 104 cm<\/p>\n<p>Excellent \u00e9tat<\/p>\n<p>Prix hors transport<\/p>","protected":false},"excerpt":{"rendered":"<p>Charles GIAI-GISCHIA (born in 1956), Loved Flights, Araponga, oil on [&hellip;]<\/p>\n","protected":false},"featured_media":2466,"template":"","meta":[],"product_brand":[],"product_cat":[41],"product_tag":[],"class_list":{"0":"post-2470","1":"product","2":"type-product","3":"status-publish","4":"has-post-thumbnail","6":"product_cat-dessins","8":"first","9":"instock","10":"sold-individually","11":"shipping-taxable","12":"purchasable","13":"product-type-simple"},"_links":{"self":[{"href":"https:\/\/louisdemontignacq.com\/fr\/wp-json\/wp\/v2\/product\/2470","targetHints":{"allow":["GET"]}}],"collection":[{"href":"https:\/\/louisdemontignacq.com\/fr\/wp-json\/wp\/v2\/product"}],"about":[{"href":"https:\/\/louisdemontignacq.com\/fr\/wp-json\/wp\/v2\/types\/product"}],"wp:featuredmedia":[{"embeddable":true,"href":"https:\/\/louisdemontignacq.com\/fr\/wp-json\/wp\/v2\/media\/2466"}],"wp:attachment":[{"href":"https:\/\/louisdemontignacq.com\/fr\/wp-json\/wp\/v2\/media?parent=2470"}],"wp:term":[{"taxonomy":"product_brand","embeddable":true,"href":"https:\/\/louisdemontignacq.com\/fr\/wp-json\/wp\/v2\/product_brand?post=2470"},{"taxonomy":"product_cat","embeddable":true,"href":"https:\/\/louisdemontignacq.com\/fr\/wp-json\/wp\/v2\/product_cat?post=2470"},{"taxonomy":"product_tag","embeddable":true,"href":"https:\/\/louisdemontignacq.com\/fr\/wp-json\/wp\/v2\/product_tag?post=2470"}],"curies":[{"name":"wp","href":"https:\/\/api.w.org\/{rel}","templated":true}]}}