{"id":2557,"date":"2024-10-10T20:20:29","date_gmt":"2024-10-10T18:20:29","guid":{"rendered":"https:\/\/louisdemontignacq.com\/?post_type=product&#038;p=2557"},"modified":"2024-12-26T17:42:49","modified_gmt":"2024-12-26T16:42:49","slug":"pair-of-herons","status":"publish","type":"product","link":"https:\/\/louisdemontignacq.com\/fr\/produit\/pair-of-herons\/","title":{"rendered":"Paire de h\u00e9rons en bronze cisel\u00e9 \u00e0 patine verte, XXe s. (ann\u00e9es 1970s)"},"content":{"rendered":"<p>Les H\u00e9rons, paire de sujets en bronze cisel\u00e9, le corps pr\u00e9sentant une patine verte et la t\u00eate une patine pourpre, ann\u00e9es 1970s,\nL'un : H 114 cm ; L. 70 cm environ\nL'autre : H :\u00a0 67 cm\u00a0 ; L. : 59 cm\u00a0\nl\u00e9g\u00e8res usures<\/p>","protected":false},"excerpt":{"rendered":"<p>The Herons, pair of chiseled bronze subjects, the body with [&hellip;]<\/p>\n","protected":false},"featured_media":2558,"template":"","meta":[],"product_brand":[],"product_cat":[39],"product_tag":[70,92],"class_list":{"0":"post-2557","1":"product","2":"type-product","3":"status-publish","4":"has-post-thumbnail","6":"product_cat-objet-dart","7":"product_tag-bronze","8":"product_tag-herons","10":"first","11":"instock","12":"shipping-taxable","13":"purchasable","14":"product-type-simple"},"_links":{"self":[{"href":"https:\/\/louisdemontignacq.com\/fr\/wp-json\/wp\/v2\/product\/2557","targetHints":{"allow":["GET"]}}],"collection":[{"href":"https:\/\/louisdemontignacq.com\/fr\/wp-json\/wp\/v2\/product"}],"about":[{"href":"https:\/\/louisdemontignacq.com\/fr\/wp-json\/wp\/v2\/types\/product"}],"wp:featuredmedia":[{"embeddable":true,"href":"https:\/\/louisdemontignacq.com\/fr\/wp-json\/wp\/v2\/media\/2558"}],"wp:attachment":[{"href":"https:\/\/louisdemontignacq.com\/fr\/wp-json\/wp\/v2\/media?parent=2557"}],"wp:term":[{"taxonomy":"product_brand","embeddable":true,"href":"https:\/\/louisdemontignacq.com\/fr\/wp-json\/wp\/v2\/product_brand?post=2557"},{"taxonomy":"product_cat","embeddable":true,"href":"https:\/\/louisdemontignacq.com\/fr\/wp-json\/wp\/v2\/product_cat?post=2557"},{"taxonomy":"product_tag","embeddable":true,"href":"https:\/\/louisdemontignacq.com\/fr\/wp-json\/wp\/v2\/product_tag?post=2557"}],"curies":[{"name":"wp","href":"https:\/\/api.w.org\/{rel}","templated":true}]}}