{"id":2624,"date":"2024-10-11T10:17:02","date_gmt":"2024-10-11T08:17:02","guid":{"rendered":"https:\/\/louisdemontignacq.com\/?post_type=product&#038;p=2624"},"modified":"2024-10-29T14:00:54","modified_gmt":"2024-10-29T13:00:54","slug":"roger-muhl","status":"publish","type":"product","link":"https:\/\/louisdemontignacq.com\/fr\/produit\/roger-muhl\/","title":{"rendered":"Roger M\u00fchl (1929-2008) Seaside, Signed Lithograph"},"content":{"rendered":"<p>Roger M\u00dcHL (1929-2008) Seaside, lithograph, signed and justified 65\/125. 51 x 54 cm. 72 x 75 cm with the frame<\/p>\n<p><em>Roger M\u00fchl studied at the \u00c9cole nationale sup\u00e9rieure des arts d\u00e9coratifs in Strasbourg. He painted many landscapes of the C\u00f4te d&#8217;Azur and Provence where he spent a lot of time. He exhibited both in Paris and abroad: Tokyo, London, Paris, New York, Geneva. His work is increasingly noticed by collectors and the prices of his paintings and lithographs are increasing in auction rooms.<\/em><\/p>","protected":false},"excerpt":{"rendered":"<p>Roger M\u00dcHL (1929-2008) Seaside, lithograph, signed and justified 65\/125. 51 [&hellip;]<\/p>\n","protected":false},"featured_media":2625,"template":"","meta":[],"product_brand":[],"product_cat":[41],"product_tag":[102,101],"class_list":{"0":"post-2624","1":"product","2":"type-product","3":"status-publish","4":"has-post-thumbnail","6":"product_cat-dessins","7":"product_tag-lithograph","8":"product_tag-roger-muhl","10":"first","11":"instock","12":"shipping-taxable","13":"purchasable","14":"product-type-simple"},"_links":{"self":[{"href":"https:\/\/louisdemontignacq.com\/fr\/wp-json\/wp\/v2\/product\/2624","targetHints":{"allow":["GET"]}}],"collection":[{"href":"https:\/\/louisdemontignacq.com\/fr\/wp-json\/wp\/v2\/product"}],"about":[{"href":"https:\/\/louisdemontignacq.com\/fr\/wp-json\/wp\/v2\/types\/product"}],"wp:featuredmedia":[{"embeddable":true,"href":"https:\/\/louisdemontignacq.com\/fr\/wp-json\/wp\/v2\/media\/2625"}],"wp:attachment":[{"href":"https:\/\/louisdemontignacq.com\/fr\/wp-json\/wp\/v2\/media?parent=2624"}],"wp:term":[{"taxonomy":"product_brand","embeddable":true,"href":"https:\/\/louisdemontignacq.com\/fr\/wp-json\/wp\/v2\/product_brand?post=2624"},{"taxonomy":"product_cat","embeddable":true,"href":"https:\/\/louisdemontignacq.com\/fr\/wp-json\/wp\/v2\/product_cat?post=2624"},{"taxonomy":"product_tag","embeddable":true,"href":"https:\/\/louisdemontignacq.com\/fr\/wp-json\/wp\/v2\/product_tag?post=2624"}],"curies":[{"name":"wp","href":"https:\/\/api.w.org\/{rel}","templated":true}]}}