{"id":2685,"date":"2024-10-27T08:51:44","date_gmt":"2024-10-27T07:51:44","guid":{"rendered":"https:\/\/louisdemontignacq.com\/?post_type=product&#038;p=2685"},"modified":"2025-05-21T10:33:28","modified_gmt":"2025-05-21T08:33:28","slug":"dupont-montfiquet","status":"publish","type":"product","link":"https:\/\/louisdemontignacq.com\/fr\/produit\/dupont-montfiquet\/","title":{"rendered":"Louis-Richard-Fran\u00e7ois Dupont de Montfiquet (Montfiquet 1734-Rouen 1765) Portrait of a lady, 18th century"},"content":{"rendered":"<p>Louis-Richard-Fran\u00e7ois DUPONT (Montfiquet 1731-Rouen 1765) Portrait de dame en buste dans un \u0153il-de-b\u0153uf, huile sur toile (agrandie d'environ 3 cm sur les c\u00f4t\u00e9s)<\/p>\n<p><img decoding=\"async\" class=\"lazyload alignnone  wp-image-2908\" src=\"https:\/\/louisdemontignacq.com\/wp-content\/uploads\/2024\/11\/ETIQUETTE-VENDU.png\" data-orig-src=\"https:\/\/louisdemontignacq.com\/wp-content\/uploads\/2024\/11\/ETIQUETTE-VENDU.png\" alt=\"\" width=\"111\" height=\"32\" srcset=\"data:image\/svg+xml,%3Csvg%20xmlns%3D%27http%3A%2F%2Fwww.w3.org%2F2000%2Fsvg%27%20width%3D%27111%27%20height%3D%2732%27%20viewBox%3D%270%200%20111%2032%27%3E%3Crect%20width%3D%27111%27%20height%3D%2732%27%20fill-opacity%3D%220%22%2F%3E%3C%2Fsvg%3E\" data-srcset=\"https:\/\/louisdemontignacq.com\/wp-content\/uploads\/2024\/11\/ETIQUETTE-VENDU-18x5.png 18w, https:\/\/louisdemontignacq.com\/wp-content\/uploads\/2024\/11\/ETIQUETTE-VENDU-200x58.png 200w, https:\/\/louisdemontignacq.com\/wp-content\/uploads\/2024\/11\/ETIQUETTE-VENDU-300x87.png 300w, https:\/\/louisdemontignacq.com\/wp-content\/uploads\/2024\/11\/ETIQUETTE-VENDU.png 315w\" data-sizes=\"auto\" data-orig-sizes=\"(max-width: 111px) 100vw, 111px\" \/><\/p>\n<p>Haut. : 65 cm ; Larg. : 54,5 cm<br \/>\nQuelques accidents mineurs<\/p>\n<p><strong>Provenance:<\/strong><em> L\u00e9on Van Dalin Mniseczch Collection (label on the back, no. 223: &#8220;French school, Portrait of a lady&#8221;)<\/em><\/p>\n<p><strong>Bibliographie<\/strong> :\u00a0Georges Mah\u00e9, <em>Etude biographique sur Louis-Richard-Fran\u00e7ois Dupont de Montfiquet, peintre normand, \u00e9l\u00e8ve de Natier (1734-1765)<\/em>, Caen, Soci\u00e9t\u00e9 d&#8217;impression de Basse-Nomrandie, 1931<\/p>\n<p>Dans l\u2019ouvrage Catalogue d\u2019exposition Jean-Marc Nattier 1685-1766, 26 octobre 1999-30 janvier 2000, Mus\u00e9e National des ch\u00e2teaux de Versailles et de Trianon, au chapitre \u00ab Les v\u00e9ritables \u00e9l\u00e8ves de Jean-Marc Nattier \u00bb, Louis Richard Fran\u00e7ois Dupont est nomm\u00e9 au rang des principaux \u00e9l\u00e8ves de Nattier. L\u2019auteur note les similitudes entre les portraits du ma\u00eetre et les siens : \u00ab Ils partagent (\u2026) non seulement l\u2019emploi des m\u00eames travestissements et des m\u00eames compositions, mais aussi le go\u00fbt pour des mati\u00e8res chatoyantes (\u2026) Tout au plus s\u2019en distinguent-ils par une pr\u00e9disposition \u00e0 briser les lignes et \u00e0 les souligner de lumi\u00e8re \u00bb. (p. 37)<\/p>\n<p class=\"translation-block\"><strong>Quelques r\u00e9sultats d'ench\u00e8res :\u00a0<\/strong><br>Paris, Audap et Associ\u00e9s, 11 mai 2023 : Portrait de dame en source, huile sur toile,\u00a089.5 x 71.5 cm, \u20ac 12,015 ; restaurations anciennes <br>\nParis, Millon, 14 dec 2021 :\u00a0Portrait d\u2019une jeune femme,\u00a0huile sur toile,\u00a072 x 59 cm,\u00a0\u20ac 4,000 <br>\nParis, Christie's,\u00a028 sep 2015\u00a0:\u00a0Portrait pr\u00e9sum\u00e9 de Marie-Ad\u00e9la\u00efde de France (1732-1800)\u00a0(1757), huile sur toile,\u00a0138 x 104 cm,\u00a0\u20ac 26,250<br>\nParis, Ader-Tajan,\u00a028 jun 1993 :\u00a0Portrait d'homme en habit bleu, la main dans le gilet\u00a0(1752), huile sur toile,\u00a081 x 63 cm,\u00a0\u20ac 6,098\u00a0<br>\nParis, Ruellan, 27 avril 2000 :\u00a0Portrait d'un homme en armure\u00a0(1758), huile sur toile,\u00a091 x 73 cm,\u00a0\u00a0\u20ac 56,406<\/p>","protected":false},"excerpt":{"rendered":"<p>Louis-Richard-Fran\u00e7ois DUPONT (Montfiquet 1731-Rouen 1765) Bust-length portrait of a lady [&hellip;]<\/p>\n","protected":false},"featured_media":2686,"template":"","meta":[],"product_brand":[],"product_cat":[41],"product_tag":[104,105,103],"class_list":{"0":"post-2685","1":"product","2":"type-product","3":"status-publish","4":"has-post-thumbnail","6":"product_cat-dessins","7":"product_tag-18e-siecle","8":"product_tag-louis-richard-francois-dupont","9":"product_tag-portrait","11":"first","12":"outofstock","13":"shipping-taxable","14":"purchasable","15":"product-type-simple"},"_links":{"self":[{"href":"https:\/\/louisdemontignacq.com\/fr\/wp-json\/wp\/v2\/product\/2685","targetHints":{"allow":["GET"]}}],"collection":[{"href":"https:\/\/louisdemontignacq.com\/fr\/wp-json\/wp\/v2\/product"}],"about":[{"href":"https:\/\/louisdemontignacq.com\/fr\/wp-json\/wp\/v2\/types\/product"}],"wp:featuredmedia":[{"embeddable":true,"href":"https:\/\/louisdemontignacq.com\/fr\/wp-json\/wp\/v2\/media\/2686"}],"wp:attachment":[{"href":"https:\/\/louisdemontignacq.com\/fr\/wp-json\/wp\/v2\/media?parent=2685"}],"wp:term":[{"taxonomy":"product_brand","embeddable":true,"href":"https:\/\/louisdemontignacq.com\/fr\/wp-json\/wp\/v2\/product_brand?post=2685"},{"taxonomy":"product_cat","embeddable":true,"href":"https:\/\/louisdemontignacq.com\/fr\/wp-json\/wp\/v2\/product_cat?post=2685"},{"taxonomy":"product_tag","embeddable":true,"href":"https:\/\/louisdemontignacq.com\/fr\/wp-json\/wp\/v2\/product_tag?post=2685"}],"curies":[{"name":"wp","href":"https:\/\/api.w.org\/{rel}","templated":true}]}}