{"id":2732,"date":"2024-11-27T17:06:26","date_gmt":"2024-11-27T16:06:26","guid":{"rendered":"https:\/\/louisdemontignacq.com\/?post_type=product&#038;p=2732"},"modified":"2025-02-18T08:14:40","modified_gmt":"2025-02-18T07:14:40","slug":"louis-xviii","status":"publish","type":"product","link":"https:\/\/louisdemontignacq.com\/fr\/produit\/louis-xviii\/","title":{"rendered":"Portrait en m\u00e9daillon du roi de France Louis XVIII, en biscuit de S\u00e8vres, d\u00e9but XIXe si\u00e8cle"},"content":{"rendered":"<p>Louis XVIII, roi de France (1814-1824). M\u00e9daillon \u00e0 suspendre en verre biseaut\u00e9, mont\u00e9 en laiton dor\u00e9, contenant un cristallo-c\u00e9rame le repr\u00e9sentant en buste de profil et en uniforme portant d\u00e9corations, sign\u00e9 au dos Desprez, n\u00b02 rue des R\u00e9colets, \u00e0 Paris. Bon \u00e9tat, usures du temps. Travail de la Cristallerie Desprez, \u00e9poque Restauration. Diam. : 8,8 cm.<\/p>\n<p><em>Desprez \u00e9tait sculpteur \u00e0 la Manufacture de S\u00e8vres de 1773 \u00e0 1792, o\u00f9 il sera nomm\u00e9 premier sculpteur en 1780.<\/em><\/p>\n<p><img decoding=\"async\" class=\"lazyload alignnone wp-image-2908\" src=\"https:\/\/louisdemontignacq.com\/wp-content\/uploads\/2024\/11\/ETIQUETTE-VENDU.png\" data-orig-src=\"https:\/\/louisdemontignacq.com\/wp-content\/uploads\/2024\/11\/ETIQUETTE-VENDU.png\" alt=\"\" width=\"166\" height=\"48\" srcset=\"data:image\/svg+xml,%3Csvg%20xmlns%3D%27http%3A%2F%2Fwww.w3.org%2F2000%2Fsvg%27%20width%3D%27166%27%20height%3D%2748%27%20viewBox%3D%270%200%20166%2048%27%3E%3Crect%20width%3D%27166%27%20height%3D%2748%27%20fill-opacity%3D%220%22%2F%3E%3C%2Fsvg%3E\" data-srcset=\"https:\/\/louisdemontignacq.com\/wp-content\/uploads\/2024\/11\/ETIQUETTE-VENDU-18x5.png 18w, https:\/\/louisdemontignacq.com\/wp-content\/uploads\/2024\/11\/ETIQUETTE-VENDU-200x58.png 200w, https:\/\/louisdemontignacq.com\/wp-content\/uploads\/2024\/11\/ETIQUETTE-VENDU-300x87.png 300w, https:\/\/louisdemontignacq.com\/wp-content\/uploads\/2024\/11\/ETIQUETTE-VENDU.png 315w\" data-sizes=\"auto\" data-orig-sizes=\"(max-width: 166px) 100vw, 166px\" \/><\/p>","protected":false},"excerpt":{"rendered":"<p>Louis XVIII, roi de France (1814-1824). M\u00e9daillon \u00e0 suspendre en [&hellip;]<\/p>\n","protected":false},"featured_media":2910,"template":"","meta":[],"product_brand":[],"product_cat":[39],"product_tag":[78,109,108,110],"class_list":{"0":"post-2732","1":"product","2":"type-product","3":"status-publish","4":"has-post-thumbnail","6":"product_cat-objet-dart","7":"product_tag-biscuit","8":"product_tag-louis-xviii","9":"product_tag-medaillon","10":"product_tag-sevres","12":"first","13":"outofstock","14":"shipping-taxable","15":"purchasable","16":"product-type-simple"},"_links":{"self":[{"href":"https:\/\/louisdemontignacq.com\/fr\/wp-json\/wp\/v2\/product\/2732","targetHints":{"allow":["GET"]}}],"collection":[{"href":"https:\/\/louisdemontignacq.com\/fr\/wp-json\/wp\/v2\/product"}],"about":[{"href":"https:\/\/louisdemontignacq.com\/fr\/wp-json\/wp\/v2\/types\/product"}],"wp:featuredmedia":[{"embeddable":true,"href":"https:\/\/louisdemontignacq.com\/fr\/wp-json\/wp\/v2\/media\/2910"}],"wp:attachment":[{"href":"https:\/\/louisdemontignacq.com\/fr\/wp-json\/wp\/v2\/media?parent=2732"}],"wp:term":[{"taxonomy":"product_brand","embeddable":true,"href":"https:\/\/louisdemontignacq.com\/fr\/wp-json\/wp\/v2\/product_brand?post=2732"},{"taxonomy":"product_cat","embeddable":true,"href":"https:\/\/louisdemontignacq.com\/fr\/wp-json\/wp\/v2\/product_cat?post=2732"},{"taxonomy":"product_tag","embeddable":true,"href":"https:\/\/louisdemontignacq.com\/fr\/wp-json\/wp\/v2\/product_tag?post=2732"}],"curies":[{"name":"wp","href":"https:\/\/api.w.org\/{rel}","templated":true}]}}