{"id":2784,"date":"2024-12-02T17:03:16","date_gmt":"2024-12-02T16:03:16","guid":{"rendered":"https:\/\/louisdemontignacq.com\/?post_type=product&#038;p=2784"},"modified":"2025-01-07T09:42:23","modified_gmt":"2025-01-07T08:42:23","slug":"rio","status":"publish","type":"product","link":"https:\/\/louisdemontignacq.com\/fr\/produit\/rio\/","title":{"rendered":"Philippe CHEVERNY, \u00a0Fabricant de mobilier contemporain, lampe de salon, mod\u00e8le \"Rio\", ann\u00e9es 1970"},"content":{"rendered":"<p>Philippe CHEVERNY (20th century), Contemporary furniture manufacturer, Living room lamp, &#8220;Rio&#8221; model<\/p>\n<p>Hauteur du pied: 45 cm, \u00a0Hauteur totale: 82 cm - ann\u00e9es 1970<\/p>\n<p>Tr\u00e8s bon \u00e9tat g\u00e9n\u00e9ral<br \/>\nQuelques toutes petites taches d'oxidation sur le laiton.\u00a0\nAbat-jour en papier orange, en bon \u00e9tat.<br \/>\nInt\u00e9rieur de l'abat-jour avec petites mouchetures.\u00a0<\/p>","protected":false},"excerpt":{"rendered":"<p>Philippe CHEVERNY (20th century), Contemporary furniture manufacturer, Living room lamp, [&hellip;]<\/p>\n","protected":false},"featured_media":2785,"template":"","meta":[],"product_brand":[],"product_cat":[43],"product_tag":[113,115,111,112,116,117,114],"class_list":{"0":"post-2784","1":"product","2":"type-product","3":"status-publish","4":"has-post-thumbnail","6":"product_cat-elements-de-decoration","7":"product_tag-annees-1970","8":"product_tag-decoration","9":"product_tag-lampe","10":"product_tag-lampe-de-salon","11":"product_tag-lampe-rio","12":"product_tag-philippe-cherveny","13":"product_tag-vintage","15":"first","16":"instock","17":"shipping-taxable","18":"purchasable","19":"product-type-simple"},"_links":{"self":[{"href":"https:\/\/louisdemontignacq.com\/fr\/wp-json\/wp\/v2\/product\/2784","targetHints":{"allow":["GET"]}}],"collection":[{"href":"https:\/\/louisdemontignacq.com\/fr\/wp-json\/wp\/v2\/product"}],"about":[{"href":"https:\/\/louisdemontignacq.com\/fr\/wp-json\/wp\/v2\/types\/product"}],"wp:featuredmedia":[{"embeddable":true,"href":"https:\/\/louisdemontignacq.com\/fr\/wp-json\/wp\/v2\/media\/2785"}],"wp:attachment":[{"href":"https:\/\/louisdemontignacq.com\/fr\/wp-json\/wp\/v2\/media?parent=2784"}],"wp:term":[{"taxonomy":"product_brand","embeddable":true,"href":"https:\/\/louisdemontignacq.com\/fr\/wp-json\/wp\/v2\/product_brand?post=2784"},{"taxonomy":"product_cat","embeddable":true,"href":"https:\/\/louisdemontignacq.com\/fr\/wp-json\/wp\/v2\/product_cat?post=2784"},{"taxonomy":"product_tag","embeddable":true,"href":"https:\/\/louisdemontignacq.com\/fr\/wp-json\/wp\/v2\/product_tag?post=2784"}],"curies":[{"name":"wp","href":"https:\/\/api.w.org\/{rel}","templated":true}]}}