{"id":2880,"date":"2024-12-15T19:33:24","date_gmt":"2024-12-15T18:33:24","guid":{"rendered":"https:\/\/louisdemontignacq.com\/?post_type=product&#038;p=2880"},"modified":"2025-04-06T17:20:51","modified_gmt":"2025-04-06T15:20:51","slug":"set-of-6-champagne-glasses-in-perfect-condition-in-crystal-signed-daum-france","status":"publish","type":"product","link":"https:\/\/louisdemontignacq.com\/fr\/produit\/set-of-6-champagne-glasses-in-perfect-condition-in-crystal-signed-daum-france\/","title":{"rendered":"Ensemble de 6 fl\u00fbtes \u00e0 champagne en cristal de Daum, parfait \u00e9tat."},"content":{"rendered":"<p>Lot de 6 coupes \u00e0 champagne, en parfait \u00e9tat, en cristal, sign\u00e9es \"Daum France\" sous la base.\nDans leur emballage d'origine avec petite notice de la cristallerie Daum.<br \/>\nDiam\u00e8tre 8.4 cm, hauteur 19.5 cm, largeurn 10 cm. Poids de chaque coupe : 282 g<br \/>\nPrix hors emballage, libvraison, frais d'exp\u00e9dition et taxes douani\u00e8res le cas \u00e9ch\u00e9ant.<br \/>\nEnvoi dans le monde entier. Retrait possible au 142, rue Saint-Honor\u00e9, Paris 1er (M\u00e9tro Louvre-Rivoli)<\/p>","protected":false},"excerpt":{"rendered":"<p>Set of 6 champagne glasses, in perfect condition, in crystal, [&hellip;]<\/p>\n","protected":false},"featured_media":2870,"template":"","meta":[],"product_brand":[],"product_cat":[39],"product_tag":[122,123,125],"class_list":{"0":"post-2880","1":"product","2":"type-product","3":"status-publish","4":"has-post-thumbnail","6":"product_cat-objet-dart","7":"product_tag-cristal","8":"product_tag-daum","9":"product_tag-flutes-champagne","11":"first","12":"instock","13":"shipping-taxable","14":"purchasable","15":"product-type-simple"},"_links":{"self":[{"href":"https:\/\/louisdemontignacq.com\/fr\/wp-json\/wp\/v2\/product\/2880","targetHints":{"allow":["GET"]}}],"collection":[{"href":"https:\/\/louisdemontignacq.com\/fr\/wp-json\/wp\/v2\/product"}],"about":[{"href":"https:\/\/louisdemontignacq.com\/fr\/wp-json\/wp\/v2\/types\/product"}],"wp:featuredmedia":[{"embeddable":true,"href":"https:\/\/louisdemontignacq.com\/fr\/wp-json\/wp\/v2\/media\/2870"}],"wp:attachment":[{"href":"https:\/\/louisdemontignacq.com\/fr\/wp-json\/wp\/v2\/media?parent=2880"}],"wp:term":[{"taxonomy":"product_brand","embeddable":true,"href":"https:\/\/louisdemontignacq.com\/fr\/wp-json\/wp\/v2\/product_brand?post=2880"},{"taxonomy":"product_cat","embeddable":true,"href":"https:\/\/louisdemontignacq.com\/fr\/wp-json\/wp\/v2\/product_cat?post=2880"},{"taxonomy":"product_tag","embeddable":true,"href":"https:\/\/louisdemontignacq.com\/fr\/wp-json\/wp\/v2\/product_tag?post=2880"}],"curies":[{"name":"wp","href":"https:\/\/api.w.org\/{rel}","templated":true}]}}