{"id":2891,"date":"2024-12-29T11:26:31","date_gmt":"2024-12-29T10:26:31","guid":{"rendered":"https:\/\/louisdemontignacq.com\/?post_type=product&#038;p=2891"},"modified":"2024-12-29T14:55:27","modified_gmt":"2024-12-29T13:55:27","slug":"h-paul","status":"publish","type":"product","link":"https:\/\/louisdemontignacq.com\/fr\/produit\/h-paul\/","title":{"rendered":"Hermann-Paul, La sentinelle de Th\u00e9r\u00e8se, dessin et gouache sur papier, vers 1914"},"content":{"rendered":"<p>&#8220;La sentinelle de Th\u00e9r\u00e8se&#8221; (The Sentinel of Therese), two soldiers discussing, bears a handwritten note at the bottom &#8220;if you feel like sneezing, you will go under the window of the old man who stole a little bread&#8221;, signed Hermann-Paul.<\/p>\n<p>Ren\u00e9 Georges Hermann Paul, known as Hermann-Paul, born in Paris in 1864 and died in Saintes-Maries-de-la-Mer in 1940, is a French painter and illustrator.<br \/>\nComing from a family of Proven\u00e7al origin, the son of a doctor, he quickly abandoned scientific studies to enter the Ecole des Arts D\u00e9coratifs in Paris, then the Acad\u00e9mie Jullian. From 1890, he produced lithographs in black and white or in color, in the company of Toulouse-Lautrec, Pierre Bonnard and Edouard Vuillard.<br \/>\nHe worked for several satirical or libertarian works, and shared the ideas of anarchist movements. At the end of 1892, he founded the short-lived satirical magazine La Faridondaine. At the beginning of 1894, he became one of the contributors to the magazine Le Courrier fran\u00e7ais. He was also an illustrator for the famous magazine L\u2019Assiette au beurre, and for Le Sourire. Thad\u00e9e Natanson, the editor of La revue blanche, published a collection of his drawings.<br \/>\nAfter having been a fierce defender of Dreyfus, both in Le Figaro and in Le Cri de Paris, denounced the misdeeds of colonialism, and defended pacifism during the First World War, he turned to the extreme right and his magazine Je suis partout.<\/p>\n<p>At the end of his life, he retired to Saintes-Maries-de-la-Mer.<\/p>\n<p>Bibliography<br \/>\nHermann-Paul. Hermann-Paul. Paris: Soci\u00e9t\u00e9 d\u2019\u00e9dition et de publications Librairie F\u00e9lix Juven, 1907<br \/>\nGeiger, Raymond et al. Hermann Paul. Paris: Henri Babou, 1929<br \/>\nBourrelier Paul-Henri, and Bourrelier Paul-Henri. 1894-1905, from Montmartre to the Madeleine [Printed text]: La Revue blanche and the Cri de Paris: Valloton, Hermann-Paul-Cappiello&#8230; [catalogue]. Paris: P.-H. Bourrelier, 2007<\/p>\n<p>Some auction results:<\/p>\n<p>Ader, Paris, May 29, 2024: Mademoiselle Polaire, c.1910, color lithograph, 32.5 x 49.8 cm, \u20ac 780<br \/>\nFerri et Associ\u00e9s, Paris, March 22, 2024: Conversation mondaine au salon, c. 1897, gouache and pastel on paper, 37 x 46 cm, \u20ac 2,974<br \/>\nOssenat, Fontainebleau, October 25, 2020: Reading, watercolor drawing, 20 x 20.5 cm, \u20ac 725<br \/>\nOssenat, Fontainebleau, October 25, 2020: Woman sitting in front of the fireplace, watercolor drawing, 20.5 x 20.5 cm, \u20ac 600<br \/>\nPiasa, Paris, April 11, 2001, Elegant on the beach, watercolor drawing and colored pencils, 47 x 55 cm, \u20ac 3,049<br \/>\nPoster Auctions International, New York, May 3, 1998, Wilburg Wright, 1908, color lithograph, 43 x 34 cm, \u20ac 1,880 ($ 2,500)<\/p>\n","protected":false},"excerpt":{"rendered":"<p>&#8220;La sentinelle de Th\u00e9r\u00e8se&#8221; (The Sentinel of Therese), two soldiers [&hellip;]<\/p>\n","protected":false},"featured_media":2892,"template":"","meta":[],"product_brand":[],"product_cat":[41],"product_tag":[128,127,126,129],"class_list":{"0":"post-2891","1":"product","2":"type-product","3":"status-publish","4":"has-post-thumbnail","6":"product_cat-dessins","7":"product_tag-grande-guerre","8":"product_tag-guerre-de-14","9":"product_tag-hermann-paul","10":"product_tag-poilu","12":"first","13":"instock","14":"shipping-taxable","15":"purchasable","16":"product-type-simple"},"_links":{"self":[{"href":"https:\/\/louisdemontignacq.com\/fr\/wp-json\/wp\/v2\/product\/2891","targetHints":{"allow":["GET"]}}],"collection":[{"href":"https:\/\/louisdemontignacq.com\/fr\/wp-json\/wp\/v2\/product"}],"about":[{"href":"https:\/\/louisdemontignacq.com\/fr\/wp-json\/wp\/v2\/types\/product"}],"wp:featuredmedia":[{"embeddable":true,"href":"https:\/\/louisdemontignacq.com\/fr\/wp-json\/wp\/v2\/media\/2892"}],"wp:attachment":[{"href":"https:\/\/louisdemontignacq.com\/fr\/wp-json\/wp\/v2\/media?parent=2891"}],"wp:term":[{"taxonomy":"product_brand","embeddable":true,"href":"https:\/\/louisdemontignacq.com\/fr\/wp-json\/wp\/v2\/product_brand?post=2891"},{"taxonomy":"product_cat","embeddable":true,"href":"https:\/\/louisdemontignacq.com\/fr\/wp-json\/wp\/v2\/product_cat?post=2891"},{"taxonomy":"product_tag","embeddable":true,"href":"https:\/\/louisdemontignacq.com\/fr\/wp-json\/wp\/v2\/product_tag?post=2891"}],"curies":[{"name":"wp","href":"https:\/\/api.w.org\/{rel}","templated":true}]}}