{"id":2894,"date":"2025-01-01T12:20:53","date_gmt":"2025-01-01T11:20:53","guid":{"rendered":"https:\/\/louisdemontignacq.com\/?post_type=product&#038;p=2894"},"modified":"2025-03-31T16:48:44","modified_gmt":"2025-03-31T14:48:44","slug":"topino","status":"publish","type":"product","link":"https:\/\/louisdemontignacq.com\/fr\/produit\/topino\/","title":{"rendered":"Small oval marquetry table, attributed to Charles Topino, 2nd half of the 18th century"},"content":{"rendered":"<p>Small oval writing table, in marquetry of garlands of foliage and flowers, opening to a drawer forming a writing desk, with a sliding shelf, resting on uprights joined by a spacer shelf, white marble top with openwork gallery.<br \/>\nAttributed to Charles Topino.<br \/>\nLouis XVI period.<\/p>\n<p>Height: 72.5 cm; Width: 46 cm; Depth: 35 cm<\/p>\n<p>Received master in 1773, and established in Paris in the rue du Faubourg-Saint-Antoine, he specialized in the production of small light furniture, featuring a &#8220;\u00e0 la chinoise&#8221; decoration with marquetry representing teapots or vases, or garlands and bouquets of flowers. His models were very successful in the years 1775-1780. He was the creator of a particular piece of furniture, an oval-shaped &#8220;bonheur du jour&#8221;. The arrival of the French Revolution precipitated his bankruptcy in 1789.<\/p>\n<p>&nbsp;<\/p>\n<p><strong>Bibliography :\u00a0<\/strong><\/p>\n<p>Sylvain Barbier Sainte Marie, <em>Charles Topino c. 1742-1803<\/em>, Paris, 2005, Editions de l&#8217;Amateur<br \/>\n(Same decoration of garlands of flowers and foliage is found on several pieces of furniture stamped by Charles Topino. A pair of comparable oval tables (illustrate, p. 17) have a similar decoration.)<\/p>\n<p>Comte de Salverte, <em>Les \u00e9b\u00e9nistes du XVIIIe si\u00e8cle : leurs \u0153uvres et leurs marques,\u00a0<\/em>1985, F. de Nobele<\/p>\n<p>Jean Nicolay,\u00a0<em>L\u2019art et la mani\u00e8re des ma\u00eetres \u00e9b\u00e9nistes fran\u00e7ais au XVIIIe si\u00e8cle.\u00a0<\/em>Tome I, Pygmalion, 1976. Several pages are devoted to Topino: pp. 455, 456, and 473, and 34 pieces of furniture are represented pp. 460-468<\/p>\n<p>Geoffroy de Bellaigue, <em>The James Rothschild Collection at Waddesdon Manor<\/em>, vol. II, pp. 880-881<\/p>\n<p>Pierre Verlet, <em>Les meubles du XVIIIe si\u00e8cle. II. \u00c9b\u00e9nisterie<\/em>, PUF, 1956 : A \u00ab bonheur du jour \u00bb of Topino is presented pl X<\/p>\n<p><strong>R\u00e9sultats d'ench\u00e8res<\/strong><\/p>\n<p>Sotheby&#8217;s in New York on May 20, 2010, lot 79,<\/p>\n<p>Christie&#8217;s in New York on October 20, 2021, lot 72 (sold $ 9.735)<\/p>\n<p>Sotheby&#8217;s in Monaco, Pair of &#8220;bonheur du jour&#8221;, 23-24 juin 1985, 1.100.000 FRF ($ 118.085 &#8211; $ of that time)<\/p>\n<p>Christie&#8217;s in New York, May 27, 1999, table, $ 79.500<\/p>\n<p><strong>Other references :<\/strong><\/p>\n<p>Topino&#8217;s furniture can be found in the following museums:<\/p>\n<p>Cincinnati Art Museum : Table in mahogany and fruit wood veneers, brass gallery, gilt bronze mounts<\/p>\n<p>Paris, Mus\u00e9e des Arts D\u00e9coratifs, &#8220;Bonheur du jour&#8221; ; ovale table &#8220;en chiffonni\u00e8re&#8221;,<\/p>\n<p>Paris, Mus\u00e9e Nissim de Camondo : heart shaped dressing table ; ovale table &#8220;en chiffonni\u00e8re&#8221;; round table &#8220;en chiffonni\u00e8re&#8221;<\/p>","protected":false},"excerpt":{"rendered":"<p>Small oval writing table, in marquetry of garlands of foliage [&hellip;]<\/p>\n","protected":false},"featured_media":2895,"template":"","meta":[],"product_brand":[],"product_cat":[42,51],"product_tag":[],"class_list":{"0":"post-2894","1":"product","2":"type-product","3":"status-publish","4":"has-post-thumbnail","6":"product_cat-mobilier","7":"product_cat-nouveautes","9":"first","10":"onbackorder","11":"shipping-taxable","12":"purchasable","13":"product-type-simple"},"_links":{"self":[{"href":"https:\/\/louisdemontignacq.com\/fr\/wp-json\/wp\/v2\/product\/2894","targetHints":{"allow":["GET"]}}],"collection":[{"href":"https:\/\/louisdemontignacq.com\/fr\/wp-json\/wp\/v2\/product"}],"about":[{"href":"https:\/\/louisdemontignacq.com\/fr\/wp-json\/wp\/v2\/types\/product"}],"wp:featuredmedia":[{"embeddable":true,"href":"https:\/\/louisdemontignacq.com\/fr\/wp-json\/wp\/v2\/media\/2895"}],"wp:attachment":[{"href":"https:\/\/louisdemontignacq.com\/fr\/wp-json\/wp\/v2\/media?parent=2894"}],"wp:term":[{"taxonomy":"product_brand","embeddable":true,"href":"https:\/\/louisdemontignacq.com\/fr\/wp-json\/wp\/v2\/product_brand?post=2894"},{"taxonomy":"product_cat","embeddable":true,"href":"https:\/\/louisdemontignacq.com\/fr\/wp-json\/wp\/v2\/product_cat?post=2894"},{"taxonomy":"product_tag","embeddable":true,"href":"https:\/\/louisdemontignacq.com\/fr\/wp-json\/wp\/v2\/product_tag?post=2894"}],"curies":[{"name":"wp","href":"https:\/\/api.w.org\/{rel}","templated":true}]}}