{"id":2903,"date":"2026-02-17T10:14:02","date_gmt":"2026-02-17T09:14:02","guid":{"rendered":"https:\/\/louisdemontignacq.com\/?post_type=product&#038;p=2903"},"modified":"2026-02-17T10:19:39","modified_gmt":"2026-02-17T09:19:39","slug":"georges-billaudot-paris-1868-1951-in-the-garden-pair-of-oils-on-panel","status":"publish","type":"product","link":"https:\/\/louisdemontignacq.com\/fr\/produit\/georges-billaudot-paris-1868-1951-in-the-garden-pair-of-oils-on-panel\/","title":{"rendered":"Georges BILLAUDOT (Paris, 1868-1951) In the garden; Pair of oils on panel"},"content":{"rendered":"<p class=\"translation-block\">Georges BILLAUDOT (Paris, 1868-1951) In the garden; Pair of oils on panel, signed lower right Height: 101 cm; Width: 58 cm Origin: Artist\u2019s family.<br>\r\nCarved wooden frame.&nbsp;&nbsp;A few minor accidents.<\/p>\n<p><em>Officier instructeur \u00e0 l'\u00c9cole sp\u00e9ciale de Saint-Cyr, il abandonne sa carri\u00e8re militaire apr\u00e8s son mariage en 1902 afin de se consacrer pleinement \u00e0 son art. Sa palette color\u00e9e et sa touche vibrante t\u00e9moignent de l'influence du post-impressionnisme et du pointillisme de Seurat. Artiste autodidacte, il peint exclusivement \u00ab sur le motif \u00bb. \u00c0 Paris, ses sujets de pr\u00e9dilection sont le Jardin des Tuileries et les quais de Seine. Il acquiert le ch\u00e2teau de Chaillou\u00e9 dans l'Orne qu'il d\u00e9peint abondamment. Peintre de plein air, il plante son chevalet au gr\u00e9 de ses vill\u00e9giatures comme dans le Sud de la France. En 1910 et 1911, il entreprend avec son \u00e9pouse un p\u00e9riple de plusieurs mois en Orient et en Asie qui les m\u00e8ne jusqu'au Japon en passant par l'Inde, l'Indochine et la Chine. Les estampes et les paravents japonais le marquent profond\u00e9ment. Durant l'Entre-deux-guerres, il fait \u00e9difier un h\u00f4tel particulier \u00e0 Paris dans le XVIe arrondissement. L'am\u00e9nagement int\u00e9rieur est confi\u00e9 au peintre-d\u00e9corateur Adrien KARBOWSKY (1855-1945) avec lequel il se lie d'amiti\u00e9 et dont il collectionne les \u0153uvres. Parall\u00e8lement, celui-ci l'initie \u00e0 la technique de la peinture d\u00e9corative. Georges Billaudot r\u00e9alise alors un ensemble de grandes toiles d\u00e9coratives formant un d\u00e9cor \u00e0 destination de la salle \u00e0 manger.\u00a0Personnalit\u00e9 volontairement discr\u00e8te, Georges Billaudot ne cherche ni \u00e0 exposer ni \u00e0 promouvoir son travail. Son \u0153uvre confidentielle demeure jusqu'aujourd'hui dans le cercle de ses descendants.<\/em><\/p>","protected":false},"excerpt":{"rendered":"<p>Georges BILLAUDOT (Paris, 1868-1951) In the garden; Pair of oils [&hellip;]<\/p>\n","protected":false},"featured_media":2904,"template":"","meta":[],"product_brand":[],"product_cat":[51,41],"product_tag":[],"class_list":{"0":"post-2903","1":"product","2":"type-product","3":"status-publish","4":"has-post-thumbnail","6":"product_cat-nouveautes","7":"product_cat-dessins","9":"first","10":"instock","11":"shipping-taxable","12":"purchasable","13":"product-type-simple"},"_links":{"self":[{"href":"https:\/\/louisdemontignacq.com\/fr\/wp-json\/wp\/v2\/product\/2903","targetHints":{"allow":["GET"]}}],"collection":[{"href":"https:\/\/louisdemontignacq.com\/fr\/wp-json\/wp\/v2\/product"}],"about":[{"href":"https:\/\/louisdemontignacq.com\/fr\/wp-json\/wp\/v2\/types\/product"}],"wp:featuredmedia":[{"embeddable":true,"href":"https:\/\/louisdemontignacq.com\/fr\/wp-json\/wp\/v2\/media\/2904"}],"wp:attachment":[{"href":"https:\/\/louisdemontignacq.com\/fr\/wp-json\/wp\/v2\/media?parent=2903"}],"wp:term":[{"taxonomy":"product_brand","embeddable":true,"href":"https:\/\/louisdemontignacq.com\/fr\/wp-json\/wp\/v2\/product_brand?post=2903"},{"taxonomy":"product_cat","embeddable":true,"href":"https:\/\/louisdemontignacq.com\/fr\/wp-json\/wp\/v2\/product_cat?post=2903"},{"taxonomy":"product_tag","embeddable":true,"href":"https:\/\/louisdemontignacq.com\/fr\/wp-json\/wp\/v2\/product_tag?post=2903"}],"curies":[{"name":"wp","href":"https:\/\/api.w.org\/{rel}","templated":true}]}}