{"id":2911,"date":"2025-02-18T08:23:12","date_gmt":"2025-02-18T07:23:12","guid":{"rendered":"https:\/\/louisdemontignacq.com\/?post_type=product&#038;p=2911"},"modified":"2025-05-21T10:32:17","modified_gmt":"2025-05-21T08:32:17","slug":"duchesse-angouleme","status":"publish","type":"product","link":"https:\/\/louisdemontignacq.com\/fr\/produit\/duchesse-angouleme\/","title":{"rendered":"Effigie en cristalo-c\u00e9rame, probablement de la duchesse d&#8217;Angoul\u00eame, XIXe Si\u00e8cle"},"content":{"rendered":"<p>Effigie en pendentif en cristallo-c\u00e9rame (p\u00e2te de porcelaine incluse dans un verre en cristal), repr\u00e9sentant probablement la duchesse d&#8217;Angoul\u00eame.<br \/>\nPremi\u00e8re moiti\u00e9 du XIXe s. L&#8217;accroche du pendentif est en laiton et repr\u00e9sente une fleur de lys.<br \/>\nTr\u00e8s bon \u00e9tat ; un seul petit \u00e9clat d&#8217;un diam\u00e8tre d&#8217;1 mm (voire la 2e photo) sur le bord ext\u00e9rieur \u00e0 gauche de l&#8217;image.<\/p>\n<p><strong><span style=\"color: #ff6600;\"> <img decoding=\"async\" class=\"lazyload alignnone  wp-image-2908\" src=\"https:\/\/louisdemontignacq.com\/wp-content\/uploads\/2024\/11\/ETIQUETTE-VENDU.png\" data-orig-src=\"https:\/\/louisdemontignacq.com\/wp-content\/uploads\/2024\/11\/ETIQUETTE-VENDU.png\" alt=\"\" width=\"128\" height=\"37\" srcset=\"data:image\/svg+xml,%3Csvg%20xmlns%3D%27http%3A%2F%2Fwww.w3.org%2F2000%2Fsvg%27%20width%3D%27128%27%20height%3D%2737%27%20viewBox%3D%270%200%20128%2037%27%3E%3Crect%20width%3D%27128%27%20height%3D%2737%27%20fill-opacity%3D%220%22%2F%3E%3C%2Fsvg%3E\" data-srcset=\"https:\/\/louisdemontignacq.com\/wp-content\/uploads\/2024\/11\/ETIQUETTE-VENDU-18x5.png 18w, https:\/\/louisdemontignacq.com\/wp-content\/uploads\/2024\/11\/ETIQUETTE-VENDU-200x58.png 200w, https:\/\/louisdemontignacq.com\/wp-content\/uploads\/2024\/11\/ETIQUETTE-VENDU-300x87.png 300w, https:\/\/louisdemontignacq.com\/wp-content\/uploads\/2024\/11\/ETIQUETTE-VENDU.png 315w\" data-sizes=\"auto\" data-orig-sizes=\"(max-width: 128px) 100vw, 128px\" \/><\/span><\/strong><\/p>","protected":false},"excerpt":{"rendered":"<p>Effigie en pendentif en cristallo-c\u00e9rame (p\u00e2te de porcelaine incluse dans [&hellip;]<\/p>\n","protected":false},"featured_media":2913,"template":"","meta":[],"product_brand":[],"product_cat":[39],"product_tag":[78,109,108,110],"class_list":{"0":"post-2911","1":"product","2":"type-product","3":"status-publish","4":"has-post-thumbnail","6":"product_cat-objet-dart","7":"product_tag-biscuit","8":"product_tag-louis-xviii","9":"product_tag-medaillon","10":"product_tag-sevres","12":"first","13":"outofstock","14":"shipping-taxable","15":"purchasable","16":"product-type-simple"},"_links":{"self":[{"href":"https:\/\/louisdemontignacq.com\/fr\/wp-json\/wp\/v2\/product\/2911","targetHints":{"allow":["GET"]}}],"collection":[{"href":"https:\/\/louisdemontignacq.com\/fr\/wp-json\/wp\/v2\/product"}],"about":[{"href":"https:\/\/louisdemontignacq.com\/fr\/wp-json\/wp\/v2\/types\/product"}],"wp:featuredmedia":[{"embeddable":true,"href":"https:\/\/louisdemontignacq.com\/fr\/wp-json\/wp\/v2\/media\/2913"}],"wp:attachment":[{"href":"https:\/\/louisdemontignacq.com\/fr\/wp-json\/wp\/v2\/media?parent=2911"}],"wp:term":[{"taxonomy":"product_brand","embeddable":true,"href":"https:\/\/louisdemontignacq.com\/fr\/wp-json\/wp\/v2\/product_brand?post=2911"},{"taxonomy":"product_cat","embeddable":true,"href":"https:\/\/louisdemontignacq.com\/fr\/wp-json\/wp\/v2\/product_cat?post=2911"},{"taxonomy":"product_tag","embeddable":true,"href":"https:\/\/louisdemontignacq.com\/fr\/wp-json\/wp\/v2\/product_tag?post=2911"}],"curies":[{"name":"wp","href":"https:\/\/api.w.org\/{rel}","templated":true}]}}