{"id":2915,"date":"2025-02-18T09:24:53","date_gmt":"2025-02-18T08:24:53","guid":{"rendered":"https:\/\/louisdemontignacq.com\/?post_type=product&#038;p=2915"},"modified":"2025-02-18T09:30:37","modified_gmt":"2025-02-18T08:30:37","slug":"cristalo-cerame-louisphi","status":"publish","type":"product","link":"https:\/\/louisdemontignacq.com\/fr\/produit\/cristalo-cerame-louisphi\/","title":{"rendered":"Effigie en cristalo-c\u00e9rame, probablement du roi Louis-Philippe, premi\u00e8re moiti\u00e9 du XIXe s."},"content":{"rendered":"<p>Effigie mont\u00e9e en pendentif, en cristallo-c\u00e9rame (p\u00e2te de porcelaine incluse dans un verre en cristal), repr\u00e9sentant probablement le roi Louis-Philippe Ier. L&#8217;accroche du pendentif est en forme de fleur de lys, en laiton.<br \/>\nPremi\u00e8re moiti\u00e9 du XIXe s.<br \/>\nTr\u00e8s bon \u00e9tat.<\/p>\n<p><strong><span style=\"color: #ff6600;\">OBJET RESERV\u00c9<\/span><\/strong><\/p>","protected":false},"excerpt":{"rendered":"<p>Effigie mont\u00e9e en pendentif, en cristallo-c\u00e9rame (p\u00e2te de porcelaine incluse [&hellip;]<\/p>\n","protected":false},"featured_media":2917,"template":"","meta":[],"product_brand":[],"product_cat":[39],"product_tag":[78,109,108,110],"class_list":{"0":"post-2915","1":"product","2":"type-product","3":"status-publish","4":"has-post-thumbnail","6":"product_cat-objet-dart","7":"product_tag-biscuit","8":"product_tag-louis-xviii","9":"product_tag-medaillon","10":"product_tag-sevres","12":"first","13":"outofstock","14":"shipping-taxable","15":"purchasable","16":"product-type-simple"},"_links":{"self":[{"href":"https:\/\/louisdemontignacq.com\/fr\/wp-json\/wp\/v2\/product\/2915","targetHints":{"allow":["GET"]}}],"collection":[{"href":"https:\/\/louisdemontignacq.com\/fr\/wp-json\/wp\/v2\/product"}],"about":[{"href":"https:\/\/louisdemontignacq.com\/fr\/wp-json\/wp\/v2\/types\/product"}],"wp:featuredmedia":[{"embeddable":true,"href":"https:\/\/louisdemontignacq.com\/fr\/wp-json\/wp\/v2\/media\/2917"}],"wp:attachment":[{"href":"https:\/\/louisdemontignacq.com\/fr\/wp-json\/wp\/v2\/media?parent=2915"}],"wp:term":[{"taxonomy":"product_brand","embeddable":true,"href":"https:\/\/louisdemontignacq.com\/fr\/wp-json\/wp\/v2\/product_brand?post=2915"},{"taxonomy":"product_cat","embeddable":true,"href":"https:\/\/louisdemontignacq.com\/fr\/wp-json\/wp\/v2\/product_cat?post=2915"},{"taxonomy":"product_tag","embeddable":true,"href":"https:\/\/louisdemontignacq.com\/fr\/wp-json\/wp\/v2\/product_tag?post=2915"}],"curies":[{"name":"wp","href":"https:\/\/api.w.org\/{rel}","templated":true}]}}