{"id":3158,"date":"2026-02-17T08:13:25","date_gmt":"2026-02-17T07:13:25","guid":{"rendered":"https:\/\/louisdemontignacq.com\/?post_type=product&#038;p=3158"},"modified":"2026-02-17T08:22:14","modified_gmt":"2026-02-17T07:22:14","slug":"herend","status":"publish","type":"product","link":"https:\/\/louisdemontignacq.com\/fr\/produit\/herend\/","title":{"rendered":"Service \u00e0 th\u00e9 Herend 8 pi\u00e8ces, num\u00e9rot\u00e9, peint \u00e0 la main, excellent \u00e9tat"},"content":{"rendered":"<p>Service \u00e0 th\u00e9 en porcelaine de la marque Herend \u00e0 d\u00e9cor d\u2019oiseaux etd\u2019insectes, comportant 8 pi\u00e8ces\u00a0: un grand plat, une th\u00e9i\u00e8re, deux tasseset leurs soucoupes, un petit pot \u00e0 lait et un sucrier, en parfait \u00e9tat, chaquepi\u00e8ce \u00e9tant num\u00e9rot\u00e9e et comportant la marque de la fabrique et la mention\u00ab\u00a0Hand Painted\u00a0\u00bb Plat 40 x 28 cm ; hauteur de la th\u00e9i\u00e8re 13 cm environ<\/p>\n<p>Prix hors emballage, libvraison, frais d'exp\u00e9dition et taxes douani\u00e8res le cas \u00e9ch\u00e9ant.<br \/>\nObjet disponible gratuitement rue Saint-Honor\u00e9 \u00e0 Paris, sur RDV.<\/p>","protected":false},"excerpt":{"rendered":"<p>Herend brand porcelain tea service decorated with birds and insects, [&hellip;]<\/p>\n","protected":false},"featured_media":3160,"template":"","meta":[],"product_brand":[],"product_cat":[51,39],"product_tag":[135,95],"class_list":{"0":"post-3158","1":"product","2":"type-product","3":"status-publish","4":"has-post-thumbnail","6":"product_cat-nouveautes","7":"product_cat-objet-dart","8":"product_tag-herend","9":"product_tag-porcelain","11":"first","12":"instock","13":"shipping-taxable","14":"purchasable","15":"product-type-simple"},"_links":{"self":[{"href":"https:\/\/louisdemontignacq.com\/fr\/wp-json\/wp\/v2\/product\/3158","targetHints":{"allow":["GET"]}}],"collection":[{"href":"https:\/\/louisdemontignacq.com\/fr\/wp-json\/wp\/v2\/product"}],"about":[{"href":"https:\/\/louisdemontignacq.com\/fr\/wp-json\/wp\/v2\/types\/product"}],"wp:featuredmedia":[{"embeddable":true,"href":"https:\/\/louisdemontignacq.com\/fr\/wp-json\/wp\/v2\/media\/3160"}],"wp:attachment":[{"href":"https:\/\/louisdemontignacq.com\/fr\/wp-json\/wp\/v2\/media?parent=3158"}],"wp:term":[{"taxonomy":"product_brand","embeddable":true,"href":"https:\/\/louisdemontignacq.com\/fr\/wp-json\/wp\/v2\/product_brand?post=3158"},{"taxonomy":"product_cat","embeddable":true,"href":"https:\/\/louisdemontignacq.com\/fr\/wp-json\/wp\/v2\/product_cat?post=3158"},{"taxonomy":"product_tag","embeddable":true,"href":"https:\/\/louisdemontignacq.com\/fr\/wp-json\/wp\/v2\/product_tag?post=3158"}],"curies":[{"name":"wp","href":"https:\/\/api.w.org\/{rel}","templated":true}]}}